{"id":16,"date":"2025-05-20T13:35:34","date_gmt":"2025-05-20T13:35:34","guid":{"rendered":"https:\/\/tstorage.eu\/?page_id=16"},"modified":"2025-07-27T11:31:48","modified_gmt":"2025-07-27T11:31:48","slug":"kontakt","status":"publish","type":"page","link":"https:\/\/tstorage.eu\/en\/kontakt\/","title":{"rendered":"Contact"},"content":{"rendered":"<div class=\"wp-block-columns is-layout-flex wp-container-core-columns-is-layout-28f84493 wp-block-columns-is-layout-flex\">\n<div class=\"wp-block-column is-layout-flow wp-block-column-is-layout-flow\">\n<h2 class=\"wp-block-heading\">Contact<\/h2>\n\n\n\n<h3 class=\"wp-block-heading\">Atende Industries Sp. z o.o.<\/h3>\n\n\n\n<p>Ostrobramska 86, 04-163 Warsaw, Poland\u00a0<br>Phone: +48 22 74 98 160<br>e-mail:\u00a0<a href=\"mailto:info@atende.industries\">info@atende.industries<\/a><br>NIP: 113-302-38-22<br>REGON: 387649433<\/p>\n\n\n\n<p class=\"has-accent-4-color has-text-color has-link-color has-small-font-size wp-elements-469209e18c758b48e49a5008034fa578\">KRS: 0000871408 (District Court for the Capital City of Warsaw, 14th Commercial Division of the National Court Register), share capital: 200,000 PLN<\/p>\n<\/div>\n\n\n\n<div class=\"wp-block-column is-style-default has-global-padding is-layout-constrained wp-block-column-is-layout-constrained\"><div class=\"wp-block-kadence-advanced-form wp-block-kadence-advanced-form647-cpt-id kb-adv-form-label-style-normal kb-adv-form-input-size-standard kb-form-basic-style wp-block-kadence-advanced-form\"><form id=\"kb-adv-form-647-cpt-id\" class=\"kb-advanced-form\" method=\"post\" action=\"\">\n<div class=\"kb-row-layout-wrap kb-row-layout-id16_d0523a-43 alignnone wp-block-kadence-rowlayout\"><div class=\"kt-row-column-wrap kt-has-2-columns kt-row-layout-equal kt-tab-layout-inherit kt-mobile-layout-row kt-row-valign-top\">\n\n<div class=\"wp-block-kadence-column kadence-column16_dbdda8-fb\"><div class=\"kt-inside-inner-col\"><div class=\"kb-adv-form-field kb-adv-form-text-type-input kb-adv-form-infield-type-input kb-field647098ddb-d6 wp-block-kadence-advanced-form-text\"><label class=\"kb-adv-form-label\" for=\"field647098ddb-d6\">Name<\/label><input name=\"field098ddb-d6\" id=\"field647098ddb-d6\" data-label=\"Imi\u0119 i nazwisko\" type=\"text\" placeholder=\"\" value=\"\" data-type=\"text\" class=\"kb-field kb-text-field\" data-required=\"no\" \/><\/div><\/div><\/div>\n\n\n\n<div class=\"wp-block-kadence-column kadence-column16_532296-2b\"><div class=\"kt-inside-inner-col\"><div class=\"kb-adv-form-field kb-adv-form-text-type-input kb-adv-form-infield-type-input kb-field6478d2a1b-da wp-block-kadence-advanced-form-email\"><label class=\"kb-adv-form-label\" for=\"field6478d2a1b-da\">Email<span class=\"kb-adv-form-required\">*<\/span><\/label><input name=\"field8d2a1b-da\" id=\"field6478d2a1b-da\" data-label=\"Email\" type=\"email\" placeholder=\"\" value=\"\" data-type=\"email\" class=\"kb-field kb-email-field\" data-required=\"yes\" required aria-required=\"true\"\/><\/div><\/div><\/div>\n\n<\/div><\/div>\n\n<div class=\"kb-adv-form-field kb-adv-form-text-type-input kb-adv-form-infield-type-input kb-field647efdd5b-35 wp-block-kadence-advanced-form-textarea\"><label class=\"kb-adv-form-label\" for=\"field647efdd5b-35\">Messagee<span class=\"kb-adv-form-required\">*<\/span><\/label><textarea name=\"fieldefdd5b-35\" id=\"field647efdd5b-35\" rows=\"5\"  data-label=\"Wiadomo\u015b\u0107\" placeholder=\"\" data-type=\"textarea\" class=\"kb-field kb-textarea-field\" data-required=\"yes\" required aria-required=\"true\"><\/textarea><\/div>\n\n<div class=\"kb-adv-form-field kb-submit-field kb-fielda2eb67-a6 wp-block-kadence-advanced-form-submit\"><button class=\"kb-button kt-button button kb-adv-form-submit-button kb-btna2eb67-a6 kt-btn-size-small kt-btn-width-type-auto kb-btn-global-fill kt-btn-has-text-true kt-btn-has-svg-false\" type=\"submit\"><span class=\"kt-btn-inner-text\">SEND<\/span><\/button><\/div>\n<input type=\"hidden\" name=\"_kb_adv_form_post_id\" value=\"647\"><input type=\"hidden\" name=\"action\" value=\"kb_process_advanced_form_submit\"><input type=\"hidden\" name=\"_kb_adv_form_id\" value=\"647-cpt-id\"><input type=\"hidden\" name=\"trp-form-language\" value=\"en\"\/><\/form><\/div><\/div>\n<\/div>\n\n\n\n<div class=\"wp-block-kadence-spacer aligncenter kt-block-spacer-16_116795-17\"><div class=\"kt-block-spacer kt-block-spacer-halign-center\"><\/div><\/div>\n\n\n\n<p><\/p>","protected":false},"excerpt":{"rendered":"<p>Kontakt Atende Industries Sp. z o.o. ul. Ostrobramska 86, 04-163 Warszawa\u00a0tel. +48 22 74 98 160e-mail:\u00a0info@atende.industriesNIP: 113-302-38-22REGON: 387649433 KRS: 0000871408 (S\u0105d Rejonowy dla m. st. w Warszawie, XIV Wydzia\u0142 Gospodarczy KRS), kapita\u0142 zak\u0142adowy: 200 000 PLN<\/p>","protected":false},"author":2,"featured_media":0,"parent":0,"menu_order":0,"comment_status":"closed","ping_status":"closed","template":"","meta":{"bBlocksCursorData":"","advgb_blocks_editor_width":"","advgb_blocks_columns_visual_guide":"","footnotes":""},"class_list":["post-16","page","type-page","status-publish","hentry"],"coauthors":[],"author_meta":{"author_link":"https:\/\/tstorage.eu\/en\/author\/robert-trzcinski\/","display_name":"Robert Trzci\u0144ski"},"relative_dates":{"created":"Posted 11 months ago","modified":"Updated 8 months ago"},"absolute_dates":{"created":"Posted on May 20, 2025","modified":"Updated on July 27, 2025"},"absolute_dates_time":{"created":"Posted on May 20, 2025 1:35 pm","modified":"Updated on July 27, 2025 11:31 am"},"featured_img_caption":"","featured_img":false,"series_order":"","_links":{"self":[{"href":"https:\/\/tstorage.eu\/en\/wp-json\/wp\/v2\/pages\/16","targetHints":{"allow":["GET"]}}],"collection":[{"href":"https:\/\/tstorage.eu\/en\/wp-json\/wp\/v2\/pages"}],"about":[{"href":"https:\/\/tstorage.eu\/en\/wp-json\/wp\/v2\/types\/page"}],"author":[{"embeddable":true,"href":"https:\/\/tstorage.eu\/en\/wp-json\/wp\/v2\/users\/2"}],"replies":[{"embeddable":true,"href":"https:\/\/tstorage.eu\/en\/wp-json\/wp\/v2\/comments?post=16"}],"version-history":[{"count":22,"href":"https:\/\/tstorage.eu\/en\/wp-json\/wp\/v2\/pages\/16\/revisions"}],"predecessor-version":[{"id":936,"href":"https:\/\/tstorage.eu\/en\/wp-json\/wp\/v2\/pages\/16\/revisions\/936"}],"wp:attachment":[{"href":"https:\/\/tstorage.eu\/en\/wp-json\/wp\/v2\/media?parent=16"}],"curies":[{"name":"wp","href":"https:\/\/api.w.org\/{rel}","templated":true}]}}