{"id":10,"date":"2025-05-20T13:34:36","date_gmt":"2025-05-20T13:34:36","guid":{"rendered":"https:\/\/tstorage.eu\/?page_id=10"},"modified":"2025-07-30T13:53:43","modified_gmt":"2025-07-30T13:53:43","slug":"ipcei","status":"publish","type":"page","link":"https:\/\/tstorage.eu\/en\/ipcei\/","title":{"rendered":"IPCEI"},"content":{"rendered":"<h2 class=\"wp-block-heading\">Project: \"Highly Scalable Distributed NoSQL Database for Real-Time Critical IoT Applications\"<\/h2>\n\n\n\n<div class=\"wp-block-kadence-spacer aligncenter kt-block-spacer-10_147cb2-21\"><div class=\"kt-block-spacer kt-block-spacer-halign-center\"><hr class=\"kt-divider\"\/><\/div><\/div>\n\n\n\n<div class=\"wp-block-kadence-image kb-image10_75505d-cf\"><figure class=\"aligncenter size-large\"><img loading=\"lazy\" decoding=\"async\" width=\"1024\" height=\"91\" src=\"https:\/\/tstorage.eu\/wp-content\/uploads\/2025\/10\/projekt-tstorage-loga-en2.png\" alt=\"\" class=\"kb-img wp-image-269\" sizes=\"auto, (max-width: 1024px) 100vw, 1024px\" \/><\/figure><\/div>\n\n\n\n<div class=\"wp-block-kadence-spacer aligncenter kt-block-spacer-10_c07fe7-c4\"><div class=\"kt-block-spacer kt-block-spacer-halign-center\"><hr class=\"kt-divider\"\/><\/div><\/div>\n\n\n\n<p>Atende Industries is implementing a project co-financed by the National Centre for Research and Development with funds from the National Recovery and Resilience Plan (No. KPOD.05.10-IW.10-0001\/24). The project is carried out under the auspices of the European Commission as part of the IPCEI-CIS program, which aims to support key technological solutions of significant importance to all EU Member States.<\/p>\n\n\n\n<p>Value of the project:\u00a0<strong>23 644 696,66 PLN<\/strong><br>Value of EU funding:\u00a0<strong>18 442 862,02 PLN<\/strong><\/p>\n\n\n\n<p>The awarded funds will be used for the development and advancement of a range of technologies aimed at creating a unique, reliable, secure, and highly scalable distributed data storage system, unparalleled in Europe, to be offered to clients in a cloud service model.<\/p>\n\n\n\n<div class=\"wp-block-kadence-spacer aligncenter kt-block-spacer-10_59f806-eb\"><div class=\"kt-block-spacer kt-block-spacer-halign-center\"><hr class=\"kt-divider\"\/><\/div><\/div>\n\n\n\n<h3 class=\"wp-block-heading\">TStorage is a technologically advanced project implemented as part of a European initiative. <strong>IPCEI (Important Project of Common European Interest)<\/strong>, kt\u00f3rej celem jest wspieranie innowacyjnych i strategicznych przedsi\u0119wzi\u0119\u0107 o znaczeniu ponadnarodowym.<\/h3>\n\n\n\n<div class=\"wp-block-kadence-spacer aligncenter kt-block-spacer-10_89423a-8d\"><div class=\"kt-block-spacer kt-block-spacer-halign-center\"><hr class=\"kt-divider\"\/><\/div><\/div>\n\n\n\n<h2 class=\"wp-block-heading\">Project objective<\/h2>\n\n\n\n<p>The primary objective of the project is to develop a unique, reliable, secure, and highly scalable distributed data storage system\u2014unparalleled in Europe\u2014that will be delivered to technology users in the form of a cloud-based service.\n\nTo achieve this goal, the current version of the TStorage database\u2014characterized by several technological limitations and installed on-site at the client\u2019s premises\u2014will be further developed through a series of planned research and development activities and tests, as detailed in the project proposal.\n\nThe new database system, created within the framework of the project, is expected to have broad industrial applicability, which will be demonstrated through the initial industrial deployments that are part of the project scope.<\/p>\n\n\n\n<p>The TStorage project aligns with the objectives of the IPCEI in the area of developing sovereign and innovative digital solutions in Europe, contributing to the advancement of technological independence and the competitiveness of the European data market.<\/p>\n\n\n\n<p>TStorage complies with EU data sovereignty standards, ensuring adherence to legal regulations, privacy safeguards, and full operational transparency.<\/p>\n\n\n\n<p>The database serves as a foundation for industrial and research applications\u2014thanks to data versioning and the rapid analysis of sensor data. TStorage is becoming a key element of the infrastructure, enabling intelligent real-time decision-making.<\/p>\n\n\n\n<p><\/p>\n\n\n\n<p><strong><strong>Spillover<\/strong><\/strong><\/p>\n\n\n\n<p>The TStorage project plays an important role in the development of European data spaces. Atende Industries aims for its outcomes to have a lasting impact beyond the scope of the IPCEI initiative. To this end, the company actively shares its experience and expertise\u2014by organizing and participating in conferences, conducting workshops, and publishing expert materials.<\/p>\n\n\n\n<p>As part of the project implementation, we are developing collaborations with scientific institutions such as the Space Research Centre of the Polish Academy of Sciences (CBK PAN), the Institute of Biochemistry and Biophysics of the Polish Academy of Sciences (IBB PAN), and the Warsaw University of Technology. These institutions support research and development activities, share expert knowledge, and participate in the testing and validation of the developed solutions. Joint efforts include, among others:<\/p>\n\n\n\n<ul class=\"wp-block-list\">\n<li>the exchange of experience and best practices in the field of data storage and management,<\/li>\n\n\n\n<li>the development of technological prototypes,<\/li>\n\n\n\n<li>the organization of workshops and expert consultations,<\/li>\n\n\n\n<li>the organization of workshops and expert consultations,<\/li>\n<\/ul>\n\n\n\n<p>Thanks to the involvement of our partners, it is possible to align the project outcomes with the actual needs of technology users and to increase the product\u2019s market potential.<\/p>\n\n\n\n<p><strong><strong>International collaboration<\/strong><\/strong><\/p>\n\n\n\n<p>The TStorage project is part of the integrated IPCEI CIS initiative (ultimately named 8RA). <a href=\"https:\/\/www.8ra.com\/\">www.8ra.com<\/a>). To inicjatywa realizowana we wsp\u00f3\u0142pracy pa\u0144stw cz\u0142onkowskich Unii Europejskiej, sektora przemys\u0142owego oraz \u015brodowisk naukowych, kt\u00f3rej celem jest stworzenie wsp\u00f3lnej przestrzeni us\u0142ug cloud-edge \u2013 otwartego, interoperacyjnego i og\u00f3lnodost\u0119pnego europejskiego ekosystemu przetwarzania danych.<\/p>\n\n\n\n<p>Our direct partners include, among others, Engineering Ingegneria Informatica S.p.A. from Italy and OpenNebula from Spain. Collaborating partners include Phoenix Systems from Poland and N+P from Germany. All partners are actively involved in the industrial deployment phase of the project.<\/p>\n\n\n\n<div class=\"wp-block-kadence-spacer aligncenter kt-block-spacer-10_44d0b6-a8\"><div class=\"kt-block-spacer kt-block-spacer-halign-center\"><\/div><\/div>\n\n\n\n<p><\/p>","protected":false},"excerpt":{"rendered":"<p>Projekt: \u201eWysoce skalowalna, rozproszona bazy danych NoSQL dla krytycznych aplikacji IoT czasu rzeczywistego\u201d Atende Industries realizuje projekt wsp\u00f3\u0142finansowany przez Narodowe Centrum Bada\u0144 i Rozwoju ze \u015brodk\u00f3w Krajowego Planu Odbudowy i Zwi\u0119kszania Odporno\u015bci (nr&nbsp;KPOD.05.10-IW.10-0001\/24). Projekt prowadzony jest pod auspicjami Komisji Europejskiej w ramach programu IPCEI-CIS, kt\u00f3rego celem jest wspieranie kluczowych rozwi\u0105za\u0144 technologicznych o istotnym znaczeniu dla [&hellip;]<\/p>\n","protected":false},"author":2,"featured_media":0,"parent":0,"menu_order":0,"comment_status":"closed","ping_status":"closed","template":"","meta":{"bBlocksCursorData":"","advgb_blocks_editor_width":"","advgb_blocks_columns_visual_guide":"","footnotes":""},"class_list":["post-10","page","type-page","status-publish","hentry"],"coauthors":[],"author_meta":{"author_link":"https:\/\/tstorage.eu\/en\/author\/robert-trzcinski\/","display_name":"Robert Trzci\u0144ski"},"relative_dates":{"created":"Posted 11 months ago","modified":"Updated 8 months ago"},"absolute_dates":{"created":"Posted on May 20, 2025","modified":"Updated on July 30, 2025"},"absolute_dates_time":{"created":"Posted on May 20, 2025 1:34 pm","modified":"Updated on July 30, 2025 1:53 pm"},"featured_img_caption":"","featured_img":false,"series_order":"","_links":{"self":[{"href":"https:\/\/tstorage.eu\/en\/wp-json\/wp\/v2\/pages\/10","targetHints":{"allow":["GET"]}}],"collection":[{"href":"https:\/\/tstorage.eu\/en\/wp-json\/wp\/v2\/pages"}],"about":[{"href":"https:\/\/tstorage.eu\/en\/wp-json\/wp\/v2\/types\/page"}],"author":[{"embeddable":true,"href":"https:\/\/tstorage.eu\/en\/wp-json\/wp\/v2\/users\/2"}],"replies":[{"embeddable":true,"href":"https:\/\/tstorage.eu\/en\/wp-json\/wp\/v2\/comments?post=10"}],"version-history":[{"count":27,"href":"https:\/\/tstorage.eu\/en\/wp-json\/wp\/v2\/pages\/10\/revisions"}],"predecessor-version":[{"id":949,"href":"https:\/\/tstorage.eu\/en\/wp-json\/wp\/v2\/pages\/10\/revisions\/949"}],"wp:attachment":[{"href":"https:\/\/tstorage.eu\/en\/wp-json\/wp\/v2\/media?parent=10"}],"curies":[{"name":"wp","href":"https:\/\/api.w.org\/{rel}","templated":true}]}}